{"id":19,"date":"2024-02-01T20:23:32","date_gmt":"2024-02-01T19:23:32","guid":{"rendered":"https:\/\/www.formacours.com\/footcafa\/?page_id=19"},"modified":"2024-02-04T07:26:52","modified_gmt":"2024-02-04T06:26:52","slug":"contact","status":"publish","type":"page","link":"https:\/\/www.formacours.com\/footcafa\/contact\/","title":{"rendered":"Contact"},"content":{"rendered":"\n<p>Footcafa est compos\u00e9 d&rsquo;une \u00e9quipe dynamique. Celle-ci reste \u00e0 votre disposition pour tous renseignements, commentaires ou critiques. <\/p>\n\n\n\n<p>Pour nous contacter :<\/p>\n\n\n\n<p><\/p>\n\n\n<div class=\"forminator-ui forminator-custom-form forminator-custom-form-322 forminator-design--default  forminator_ajax\" data-forminator-render=\"0\" data-form=\"forminator-module-322\" data-uid=\"69f3ec526a76f\"><br\/><\/div><form\n\t\t\t\tid=\"forminator-module-322\"\n\t\t\t\tclass=\"forminator-ui forminator-custom-form forminator-custom-form-322 forminator-design--default  forminator_ajax\"\n\t\t\t\tmethod=\"post\"\n\t\t\t\tdata-forminator-render=\"0\"\n\t\t\t\tdata-form-id=\"322\"\n\t\t\t\t\n\t\t\t\tdata-design=\"default\"\n\t\t\t\tdata-color-option=\"default\"\n\t\t\t\t\n\t\t\t\t\n\t\t\t\t\n\t\t\t\tdata-grid=\"open\"\n\t\t\t\t\n\t\t\t\t\n\t\t\t\tstyle=\"display: none;\"\n\t\t\t\t\n\t\t\t\tdata-uid=\"69f3ec526a76f\"\n\t\t\t><div role=\"alert\" aria-live=\"polite\" class=\"forminator-response-message forminator-error\" aria-hidden=\"true\"><\/div><div class=\"forminator-row\"><div id=\"name-1\" class=\"forminator-field-name forminator-col forminator-col-12 \"><div class=\"forminator-field\"><label for=\"forminator-field-name-1_69f3ec526a76f\" id=\"forminator-field-name-1_69f3ec526a76f-label\" class=\"forminator-label\">Pr\u00e9nom <span class=\"forminator-required\">*<\/span><\/label><input type=\"text\" name=\"name-1\" value=\"\" placeholder=\"\" id=\"forminator-field-name-1_69f3ec526a76f\" class=\"forminator-input forminator-name--field\" aria-required=\"true\" \/><\/div><\/div><\/div><div class=\"forminator-row\"><div id=\"email-1\" class=\"forminator-field-email forminator-col forminator-col-12 \"><div class=\"forminator-field\"><label for=\"forminator-field-email-1_69f3ec526a76f\" id=\"forminator-field-email-1_69f3ec526a76f-label\" class=\"forminator-label\">Adresse de messagerie <span class=\"forminator-required\">*<\/span><\/label><input type=\"email\" name=\"email-1\" value=\"\" placeholder=\"\" id=\"forminator-field-email-1_69f3ec526a76f\" class=\"forminator-input forminator-email--field\" data-required=\"true\" aria-required=\"true\" \/><\/div><\/div><\/div><div class=\"forminator-row\"><div id=\"phone-1\" class=\"forminator-field-phone forminator-col forminator-col-12 \"><div class=\"forminator-field\"><label for=\"forminator-field-phone-1_69f3ec526a76f\" id=\"forminator-field-phone-1_69f3ec526a76f-label\" class=\"forminator-label\">Num\u00e9ro de t\u00e9l\u00e9phone<\/label><input type=\"text\" name=\"phone-1\" value=\"\" placeholder=\"\" id=\"forminator-field-phone-1_69f3ec526a76f\" class=\"forminator-input forminator-field--phone\" data-required=\"\" aria-required=\"false\" autocomplete=\"off\" \/><\/div><\/div><\/div><div class=\"forminator-row\"><div id=\"textarea-1\" class=\"forminator-field-textarea forminator-col forminator-col-12 \"><div class=\"forminator-field\"><label for=\"forminator-field-textarea-1_69f3ec526a76f\" id=\"forminator-field-textarea-1_69f3ec526a76f-label\" class=\"forminator-label\">Message<\/label><textarea name=\"textarea-1\" placeholder=\"Saisissez votre message\u2026\" id=\"forminator-field-textarea-1_69f3ec526a76f\" class=\"forminator-textarea\" rows=\"6\" style=\"min-height:140px;\" maxlength=\"180\" ><\/textarea><span id=\"forminator-field-textarea-1_69f3ec526a76f-description\" class=\"forminator-description\"><span data-limit=\"180\" data-type=\"characters\" data-editor=\"\">0 \/ 180<\/span><\/span><\/div><\/div><\/div><input type=\"hidden\" name=\"referer_url\" value=\"\" \/><div class=\"forminator-row forminator-row-last\"><div class=\"forminator-col\"><div class=\"forminator-field\"><button class=\"forminator-button forminator-button-submit\">Envoyer le message<\/button><\/div><\/div><\/div><input type=\"hidden\" id=\"forminator_nonce\" name=\"forminator_nonce\" value=\"1258176e1e\" \/><input type=\"hidden\" name=\"_wp_http_referer\" value=\"\/footcafa\/wp-json\/wp\/v2\/pages\/19\" \/><input type=\"hidden\" name=\"form_id\" value=\"322\"><input type=\"hidden\" name=\"page_id\" value=\"19\"><input type=\"hidden\" name=\"form_type\" value=\"default\"><input type=\"hidden\" name=\"current_url\" value=\"https:\/\/www.formacours.com\/footcafa\/contact\/\"><input type=\"hidden\" name=\"render_id\" value=\"0\"><input type=\"hidden\" name=\"action\" value=\"forminator_submit_form_custom-forms\"><\/form>\n","protected":false},"excerpt":{"rendered":"<p>Footcafa est compos\u00e9 d&rsquo;une \u00e9quipe dynamique. Celle-ci reste \u00e0 votre disposition pour tous renseignements, commentaires&#8230;<\/p>\n","protected":false},"author":1,"featured_media":0,"parent":0,"menu_order":0,"comment_status":"closed","ping_status":"closed","template":"","meta":{"footnotes":""},"class_list":["post-19","page","type-page","status-publish","hentry"],"_links":{"self":[{"href":"https:\/\/www.formacours.com\/footcafa\/wp-json\/wp\/v2\/pages\/19","targetHints":{"allow":["GET"]}}],"collection":[{"href":"https:\/\/www.formacours.com\/footcafa\/wp-json\/wp\/v2\/pages"}],"about":[{"href":"https:\/\/www.formacours.com\/footcafa\/wp-json\/wp\/v2\/types\/page"}],"author":[{"embeddable":true,"href":"https:\/\/www.formacours.com\/footcafa\/wp-json\/wp\/v2\/users\/1"}],"replies":[{"embeddable":true,"href":"https:\/\/www.formacours.com\/footcafa\/wp-json\/wp\/v2\/comments?post=19"}],"version-history":[{"count":5,"href":"https:\/\/www.formacours.com\/footcafa\/wp-json\/wp\/v2\/pages\/19\/revisions"}],"predecessor-version":[{"id":325,"href":"https:\/\/www.formacours.com\/footcafa\/wp-json\/wp\/v2\/pages\/19\/revisions\/325"}],"wp:attachment":[{"href":"https:\/\/www.formacours.com\/footcafa\/wp-json\/wp\/v2\/media?parent=19"}],"curies":[{"name":"wp","href":"https:\/\/api.w.org\/{rel}","templated":true}]}}